{"id":8241,"date":"2023-08-28T07:14:10","date_gmt":"2023-08-28T05:14:10","guid":{"rendered":"https:\/\/traininggames.info\/?page_id=8241"},"modified":"2023-12-01T11:13:50","modified_gmt":"2023-12-01T10:13:50","slug":"red-cooplexity","status":"publish","type":"page","link":"https:\/\/ricardozamora.com\/es\/red-cooplexity\/","title":{"rendered":"Red Cooplexity"},"content":{"rendered":"<h2 style=\"text-align: center;\">Red Cooplexity&nbsp;<\/h2>\n<h2 style=\"text-align: center;\"><span style=\"\">La red Cooplexity ofrece servicios de consultor\u00eda con programas relacionados de aprendizaje y desarrollo de alto nivel. Una red que tiene como objetivo agregar valor a los clientes ofreciendo m\u00e1s que la suma de las partes.<\/span><\/h2>\n<p>                                                                                                                             <img decoding=\"async\" src=\"\/\/ricardozamora.com\/wp-content\/uploads\/slider\/cache\/d3d40fa03b67b2b16a071b8deee6cc13\/slider-oxford.webp\" alt=\"\" title=\"\" loading=\"lazy\" data-skip-lazy=\"1\"><img decoding=\"async\" src=\"\/\/ricardozamora.com\/wp-content\/uploads\/slider\/cache\/c6dbd420a79212915a038e6c94f80dcf\/slider-london.webp\" alt=\"\" title=\"\" loading=\"lazy\" data-skip-lazy=\"1\"><img decoding=\"async\" src=\"\/\/ricardozamora.com\/wp-content\/uploads\/slider\/cache\/d88eb542284fb03353ea6dd87f76deb9\/slider-network.webp\" alt=\"\" title=\"\" loading=\"lazy\" data-skip-lazy=\"1\">                                            Full 1Como empezamosCooplexity Institute naci\u00f3 en 2011 en el Jeric\u00f3 Caf\u00e9 de Oxford.<img decoding=\"async\" loading=\"lazy\" data-skip-lazy=\"1\" src=\"https:\/\/ricardozamora.com\/wp-content\/uploads\/slider\/cache\/a89771259b0a4fc52823fec2bc0a0350\/f2.jpg\" alt=\"Full 1\">Full 2Cuando crecimosEn 2016, registramos Cooplexity Consulting Group en Londres.<img decoding=\"async\" loading=\"lazy\" data-skip-lazy=\"1\" src=\"https:\/\/ricardozamora.com\/wp-content\/uploads\/slider\/cache\/a89771259b0a4fc52823fec2bc0a0350\/f2.jpg\" alt=\"Full 2\">Full 3Lo que somos ahoraEn 2023 nos convertimos en red, para cumplir nuestra misi\u00f3n de difundir el modelo Cooplexity de desarrollo de la confianza.<img decoding=\"async\" loading=\"lazy\" data-skip-lazy=\"1\" src=\"https:\/\/ricardozamora.com\/wp-content\/uploads\/slider\/cache\/a89771259b0a4fc52823fec2bc0a0350\/f2.jpg\" alt=\"Full 3\">                                                                                    <img loading=\"lazy\" decoding=\"async\" width=\"32\" height=\"32\" data-skip-lazy=\"1\" src=\"data:image\/svg+xml;base64,PHN2ZyB3aWR0aD0iMzIiIGhlaWdodD0iMzIiIHZpZXdCb3g9IjAgMCAzMiAzMiIgeG1sbnM9Imh0dHA6Ly93d3cudzMub3JnLzIwMDAvc3ZnIj4KICAgIDxwYXRoIGQ9Ik0xMS40MzMgMTUuOTkyTDIyLjY5IDUuNzEyYy4zOTMtLjM5LjM5My0xLjAzIDAtMS40Mi0uMzkzLS4zOS0xLjAzLS4zOS0xLjQyMyAwbC0xMS45OCAxMC45NGMtLjIxLjIxLS4zLjQ5LS4yODUuNzYtLjAxNS4yOC4wNzUuNTYuMjg0Ljc3bDExLjk4IDEwLjk0Yy4zOTMuMzkgMS4wMy4zOSAxLjQyNCAwIC4zOTMtLjQuMzkzLTEuMDMgMC0xLjQybC0xMS4yNTctMTAuMjkiCiAgICAgICAgICBmaWxsPSIjZmZmZmZmIiBvcGFjaXR5PSIwLjgiIGZpbGwtcnVsZT0iZXZlbm9kZCIvPgo8L3N2Zz4=\" alt=\"previous arrow\"><img loading=\"lazy\" decoding=\"async\" width=\"32\" height=\"32\" data-skip-lazy=\"1\" src=\"data:image\/svg+xml;base64,PHN2ZyB3aWR0aD0iMzIiIGhlaWdodD0iMzIiIHZpZXdCb3g9IjAgMCAzMiAzMiIgeG1sbnM9Imh0dHA6Ly93d3cudzMub3JnLzIwMDAvc3ZnIj4KICAgIDxwYXRoIGQ9Ik0xMC43MjIgNC4yOTNjLS4zOTQtLjM5LTEuMDMyLS4zOS0xLjQyNyAwLS4zOTMuMzktLjM5MyAxLjAzIDAgMS40MmwxMS4yODMgMTAuMjgtMTEuMjgzIDEwLjI5Yy0uMzkzLjM5LS4zOTMgMS4wMiAwIDEuNDIuMzk1LjM5IDEuMDMzLjM5IDEuNDI3IDBsMTIuMDA3LTEwLjk0Yy4yMS0uMjEuMy0uNDkuMjg0LS43Ny4wMTQtLjI3LS4wNzYtLjU1LS4yODYtLjc2TDEwLjcyIDQuMjkzeiIKICAgICAgICAgIGZpbGw9IiNmZmZmZmYiIG9wYWNpdHk9IjAuOCIgZmlsbC1ydWxlPSJldmVub2RkIi8+Cjwvc3ZnPg==\" alt=\"next arrow\"><img decoding=\"async\" data-skip-lazy=\"1\" src=\"data:image\/svg+xml;base64,PHN2ZyB3aWR0aD0iMTYiIGhlaWdodD0iMTYiIHZpZXdCb3g9IjAgMCAxNiAxNiIgeG1sbnM9Imh0dHA6Ly93d3cudzMub3JnLzIwMDAvc3ZnIj4KICAgIDxwYXRoIGQ9Ik0xMS41OCA3LjAzTDUuMzAyIDIuMTY1QzUuMTY1IDIuMDU3IDUuMDE2IDIgNC44NTcgMiA0LjM4NCAyIDQgMi41MDQgNCAzLjEyNXY5Ljc1YzAgLjYyLjM4NCAxLjEyNS44NTcgMS4xMjUuMTYgMCAuMzA4LS4wNTcuNDM2LS4xNTZMMTEuNTggOC45N2MuMjUtLjE5OC40Mi0uNTU4LjQyLS45NyAwLS40MTItLjE3LS43NzMtLjQyLS45N3oiCiAgICAgICAgICBmaWxsPSIjZmZmZmZmIiBvcGFjaXR5PSIwLjgiIGZpbGwtcnVsZT0iZXZlbm9kZCIvPgo8L3N2Zz4=\" alt=\"Play\"><img decoding=\"async\" data-skip-lazy=\"1\" src=\"data:image\/svg+xml;base64,PHN2ZyB3aWR0aD0iMTYiIGhlaWdodD0iMTYiIHZpZXdCb3g9IjAgMCAxNiAxNiIgeG1sbnM9Imh0dHA6Ly93d3cudzMub3JnLzIwMDAvc3ZnIj4KICAgIDxwYXRoIGQ9Ik00IDJ2MTJoM1YySDR6bTUgMHYxMmgzVjJIOXoiIGZpbGw9IiNmZmZmZmYiIG9wYWNpdHk9IjAuOCIgZmlsbC1ydWxlPSJldmVub2RkIi8+Cjwvc3ZnPg==\" alt=\"Pause\"> <\/p>\n<h2 style=\"text-align: center;\"><span style=\"\"><strong>Una red centrada en a\u00f1adir valor<\/strong><\/span><\/h2>\n<p style=\"text-align: center;\"><span open=\"\" style=\"font-family: &quot;Open Sans&quot;;\"><strong>Din\u00e1mica de la red<\/strong><\/span><span open=\"\" style=\"font-weight: 400; font-family: &quot;Open Sans&quot;;\">Es necesario un enfoque cercano para implicar a toda la organizaci\u00f3n.<\/span><\/p>\n<p style=\"text-align: center; color: var(--tcb-color-0) !important; --tcb-applied-color: var$(--tcb-color-0) !important;\"><strong>Estamos cerca<\/strong><\/p>\n<p style=\"text-align: center; color: rgb(51, 51, 51) !important; --tcb-applied-color: rgb(51, 51, 51) !important;\"><span open=\"\" style=\"font-weight: 400; font-family: &quot;Open Sans&quot;;\">Los procesos de transformaci\u00f3n cultural son, por definici\u00f3n, colectivos. Nuestra diversidad asegura que conectemos con todos los involucrados.<\/span><\/p>\n<p style=\"text-align: center; color: var(--tcb-color-0) !important; --tcb-applied-color: var$(--tcb-color-0) !important;\"><strong>Somos complementarios<\/strong><\/p>\n<p style=\"text-align: center; color: rgb(51, 51, 51) !important; --tcb-applied-color: rgb(51, 51, 51) !important;\"><span open=\"\" style=\"font-weight: 400; font-family: &quot;Open Sans&quot;;\">Nuestra diversidad es nuestro mayor activo. As\u00ed podremos entender y afrontar los retos de una sociedad cada vez m\u00e1s compleja.<\/span><\/p>\n<p style=\"text-align: center; color: var(--tcb-color-0) !important; --tcb-applied-color: var$(--tcb-color-0) !important;\"><strong>Estamos comprometidos<\/strong><\/p>\n<p style=\"text-align: center; color: rgb(51, 51, 51) !important; --tcb-applied-color: rgb(51, 51, 51) !important;\"><span open=\"\" style=\"font-weight: 400; font-family: &quot;Open Sans&quot;;\">El modelo Cooplexity no es s\u00f3lo un modelo eficaz para generar confianza, sino que tambi\u00e9n es nuestro catalizador y nuestra gu\u00eda de acci\u00f3n.<\/span><\/p>\n<h2 style=\"text-align: center;\"><span><strong>Cooplexity significa cooperaci\u00f3n en complejidad<\/strong><\/span><\/h2>\n<p style=\"text-align: center;\"><span open=\"\" style=\"font-weight: 400; font-family: &quot;Open Sans&quot;;\">Desarrollamos l\u00edderes, motivamos equipos e impactamos la cultura organizacional, para catalizar cambios alineando la energ\u00eda de las personas con los objetivos corporativos. Nuestro objetivo es facilitar la integraci\u00f3n cultural y la implementaci\u00f3n del cambio, romper silos y mejorar la coordinaci\u00f3n entre equipos e dentro de ellos, y alinear objetivos y centrar la organizaci\u00f3n en los clientes.<\/span><\/p>\n<p><span><img decoding=\"async\" alt=\"\" data-id=\"8214\" data-init-width=\"500\" data-init-height=\"500\" title=\"network-services\" src=\"https:\/\/ricardozamora.com\/wp-content\/uploads\/network-services.webp\" data-src=\"https:\/\/ricardozamora.com\/wp-content\/uploads\/network-services.webp\" data-width=\"340\" data-height=\"340\" style=\"aspect-ratio: auto 500 \/ 500;\" width=\"340\" height=\"340\" loading=\"lazy\"><\/span><\/p>\n<p style=\"text-align: left; color: var(--tcb-color-0) !important; --tcb-applied-color: var$(--tcb-color-0) !important;\"><span open=\"\" style=\"font-weight: 400; font-family: &quot;Open Sans&quot;;\"><strong>Servicios<\/strong><\/span><\/p>\n<p style=\"text-align: left; color: rgb(51, 51, 51) !important; --tcb-applied-color: rgb(51, 51, 51) !important;\"><span open=\"\" style=\"font-weight: 400; font-family: &quot;Open Sans&quot;;\">En Cooplexity, ofrecemos servicios de consultor\u00eda con programas relacionados de aprendizaje y desarrollo de alto nivel.Todas nuestras soluciones se basan en el modelo de desarrollo de la confianza Cooplexity para garantizar consistencia y resultados.<\/span><\/p>\n<p><span><img decoding=\"async\" alt=\"\" data-id=\"8216\" data-init-width=\"400\" data-init-height=\"400\" title=\"network-network\" src=\"https:\/\/ricardozamora.com\/wp-content\/uploads\/network-network.webp\" data-src=\"https:\/\/ricardozamora.com\/wp-content\/uploads\/network-network.webp\" data-width=\"340\" data-height=\"340\" style=\"aspect-ratio: auto 400 \/ 400;\" loading=\"lazy\" width=\"340\" height=\"340\"><\/span><\/p>\n<p style=\"text-align: left; color: var(--tcb-color-0) !important; --tcb-applied-color: var$(--tcb-color-0) !important;\"><span open=\"\" style=\"font-weight: 400; font-family: &quot;Open Sans&quot;;\"><strong>Red<\/strong><\/span><\/p>\n<p style=\"text-align: left;\"><span open=\"\" style=\"font-weight: 400; font-family: &quot;Open Sans&quot;;\">Una red de consultores altamente experimentados que trabajan como su \u00abdream team\u00bb, comprometidos con la creaci\u00f3n de valor.Somos expertos individuales que trabajamos en colaboraci\u00f3n para cubrir diferencias geogr\u00e1ficas, ling\u00fc\u00edsticas o culturales.<\/span><\/p>\n<h2 style=\"text-align: center;\"><span style=\"\"><strong>Se basa en el modelo Cooplexity de desarrollo de la confianza.<\/strong><\/span><\/h2>\n<p style=\"text-align: center;\"><span open=\"\" style=\"font-family: &quot;Open Sans&quot;;\"><strong>Pilares del modelo<\/strong><\/span><span open=\"\" style=\"font-weight: 400; font-family: &quot;Open Sans&quot;;\">Nuestras ra\u00edces son la teor\u00eda de sistemas y la ciencia de la complejidad. Desde nuestros inicios, hemos considerado fundamentales la confianza y los equipos colaborativos para que las organizaciones alcancen resultados.<\/span><\/p>\n<h2 style=\"text-align: center;\"><strong>Seis pasos<\/strong><\/h2>\n<p style=\"text-align: center;\"><span style=\"\"><span style=\"\">C\u00f3mo conseguirlo<\/span><\/span><\/p>\n<p style=\"text-align: center; color: var(--tcb-color-2)  !important; --tcb-applied-color:var$(--tcb-color-2)  !important;\">Cada contexto empresarial requiere un esfuerzo particular. Un dibujo inspirado en un comp\u00e1s enfatiza esta idea, aunque los seis pasos no son estrictamente lineales. Sin embargo, centrarse en cada etapa en funci\u00f3n del contexto ayudar\u00e1 considerablemente a crecer.<\/p>\n<h2 style=\"text-align: center;\"><strong>Elementos estructurales<\/strong><\/h2>\n<p style=\"text-align: center;\"><span style=\"\"><span style=\"\"><strong>como conservarlo<\/strong><\/span><\/span><\/p>\n<p style=\"text-align: center; color: var(--tcb-color-2)  !important; --tcb-applied-color:var$(--tcb-color-2)  !important;\">Todo el modelo est\u00e1 inspirado en la teor\u00eda de sistemas y la ciencia compleja. A partir de ello, la investigaci\u00f3n lleg\u00f3 a algunas conclusiones \u00fatiles para la gesti\u00f3n de contextos empresariales. Considerar la cultura como el patr\u00f3n de relaci\u00f3n estructural es uno de ellos.<\/p>\n<h2 style=\"text-align: center;\"><strong>Competencias<\/strong><\/h2>\n<p style=\"text-align: center;\"><span style=\"\"><span style=\"\"><strong>C\u00f3mo hacer que funcione<\/strong><\/span><\/span><\/p>\n<p style=\"text-align: center; color: var(--tcb-color-2)  !important; --tcb-applied-color:var$(--tcb-color-2)  !important;\">Tener el talento adecuado en la organizaci\u00f3n impulsar\u00e1 el desarrollo de la confianza. Aprovechar la colaboraci\u00f3n exigir\u00e1 algunas competencias particulares. Consid\u00e9ralas a la hora de contratar o desarrollarte personalmente.<\/p>\n<p><span><img decoding=\"async\" alt=\"\" data-id=\"8229\" data-init-width=\"600\" data-init-height=\"338\" title=\"network-programa-cooplexity\" src=\"https:\/\/ricardozamora.com\/wp-content\/uploads\/network-programa-cooplexity.webp\" data-src=\"https:\/\/ricardozamora.com\/wp-content\/uploads\/network-programa-cooplexity.webp\" data-width=\"540\" data-height=\"304\" style=\"aspect-ratio: auto 600 \/ 338;\" loading=\"lazy\" width=\"540\" height=\"304\"><\/span><\/p>\n<h2 style=\"text-align: left;\"><span><strong><span style=\"--tcb-applied-color: var$(--tcb-color-0) !important; color: var(--tcb-color-0);\">El modelo de desarrollo de la confianza<\/span><\/strong><\/span><\/h2>\n<p style=\"text-align: left; color: rgb(255, 255, 255) !important; --tcb-applied-color: rgb(255, 255, 255) !important;\"><span open=\"\" style=\"font-weight: 400; font-family: &quot;Open Sans&quot;;\">Este modelo, desarrollado despu\u00e9s de diez a\u00f1os de investigaci\u00f3n, proporciona un m\u00e9todo paso a paso para desarrollar la confianza en una relaci\u00f3n.Nuestra metodolog\u00eda de aprendizaje experiencial consiste en una simulaci\u00f3n de negocio para vivir, validar y proyectar el modelo a la vida real.<\/span><\/p>\n<p style=\"text-align: left; color: rgb(255, 255, 255) !important; --tcb-applied-color: rgb(255, 255, 255) !important;\"><span open=\"\" style=\"font-weight: 400; font-family: &quot;Open Sans&quot;;\"><\/span><\/p>\n<p><a href=\"\/es\/poster-del-modelo-de-desarrollo-de-confianza\/\" style=\"outline: none;\">Descarga el p\u00f3ster del modelo de desarrollo de la confianza<\/a><\/p>\n<p><span><img decoding=\"async\" alt=\"\" data-id=\"8231\" data-init-width=\"600\" data-init-height=\"338\" title=\"network-elementos-estructurales-clave\" src=\"https:\/\/ricardozamora.com\/wp-content\/uploads\/network-elementos-estructurales-clave.webp\" data-src=\"https:\/\/ricardozamora.com\/wp-content\/uploads\/network-elementos-estructurales-clave.webp\" data-width=\"522\" data-height=\"294\" style=\"aspect-ratio: auto 600 \/ 338;\" loading=\"lazy\" width=\"522\" height=\"294\"><\/span><\/p>\n<h2 style=\"text-align: left;\"><span><strong><span style=\"--tcb-applied-color: var$(--tcb-color-0) !important; color: var(--tcb-color-0);\">Los elementos estructurales clave<\/span><\/strong><\/span><\/h2>\n<p style=\"text-align: left; color: rgb(255, 255, 255) !important; --tcb-applied-color: rgb(255, 255, 255) !important;\"><span open=\"\" style=\"font-weight: 400; font-family: &quot;Open Sans&quot;;\">Seis elementos cr\u00edticos definen c\u00f3mo nos relacionamos unos con otros. Decimos que las estructuras influyen en el comportamiento.Trabajamos en ellos para impactar lo que hacemos y c\u00f3mo lo hacemos y mejorar el rendimiento.<\/span><\/p>\n<p style=\"text-align: left; color: rgb(255, 255, 255) !important; --tcb-applied-color: rgb(255, 255, 255) !important;\"><span open=\"\" style=\"font-weight: 400; font-family: &quot;Open Sans&quot;;\"><\/span><\/p>\n<p><a href=\"\/es\/poster-de-los-elementos-estructurales-clave\/\" style=\"outline: none;\">Descarga el p\u00f3ster de los elementos estructurales clave<\/a><\/p>\n<h2 style=\"text-align: center;\"><span><strong>Cuando nos reunimos para co-crear y generar oportunidades<\/strong><\/span><\/h2>\n<h2 style=\"text-align: center;\"><span><strong><span style=\"--tcb-applied-color: var$(--tcb-color-0) !important; color: var(--tcb-color-0);\">Reuni\u00f3n anual<\/span><\/strong><\/span><\/h2>\n<p style=\"text-align: left; color: rgb(255, 255, 255) !important; --tcb-applied-color: rgb(255, 255, 255) !important;\"><span open=\"\" style=\"font-weight: 400; font-family: &quot;Open Sans&quot;;\">La relaci\u00f3n genera confianza, y la confianza mejora la relaci\u00f3n.Nos reunimos una vez al a\u00f1o para crear v\u00ednculos, desarrollar la red y dejar que surjan nuevas ideas. Desarrollamos proyectos y aprovechamos sinergias cruzadas pensando en el cliente final.<\/span><\/p>\n<h2 style=\"text-align: center;\"><span><strong><span style=\"--tcb-applied-color: var$(--tcb-color-0) !important; color: var(--tcb-color-0);\">Alternativa virtual<\/span><\/strong><\/span><\/h2>\n<p style=\"text-align: left; color: rgb(255, 255, 255) !important; --tcb-applied-color: rgb(255, 255, 255) !important;\"><span open=\"\" style=\"font-weight: 400; font-family: &quot;Open Sans&quot;;\">Una alternativa virtual concurrente garantiza que nadie se quede fuera.Aunque se prefieren las reuniones presenciales, a veces hay circunstancias que no podemos evitar. Por ello, existe una opci\u00f3n virtual para estar en contacto y participar.<\/span><\/p>\n","protected":false},"excerpt":{"rendered":"<p>Red Cooplexity&nbsp; La red Cooplexity ofrece servicios de consultor\u00eda con programas relacionados de aprendizaje y desarrollo de alto nivel. Una [&hellip;]<\/p>\n","protected":false},"author":1,"featured_media":0,"parent":0,"menu_order":0,"comment_status":"closed","ping_status":"closed","template":"","meta":{"site-sidebar-layout":"no-sidebar","site-content-layout":"page-builder","ast-site-content-layout":"default","site-content-style":"default","site-sidebar-style":"default","ast-global-header-display":"","ast-banner-title-visibility":"","ast-main-header-display":"","ast-hfb-above-header-display":"","ast-hfb-below-header-display":"","ast-hfb-mobile-header-display":"","site-post-title":"disabled","ast-breadcrumbs-content":"","ast-featured-img":"","footer-sml-layout":"","ast-disable-related-posts":"","theme-transparent-header-meta":"default","adv-header-id-meta":"","stick-header-meta":"","header-above-stick-meta":"","header-main-stick-meta":"","header-below-stick-meta":"","astra-migrate-meta-layouts":"set","ast-page-background-enabled":"default","ast-page-background-meta":{"desktop":{"background-color":"var(--ast-global-color-5)","background-image":"","background-repeat":"repeat","background-position":"center center","background-size":"auto","background-attachment":"scroll","background-type":"","background-media":"","overlay-type":"","overlay-color":"","overlay-opacity":"","overlay-gradient":""},"tablet":{"background-color":"","background-image":"","background-repeat":"repeat","background-position":"center center","background-size":"auto","background-attachment":"scroll","background-type":"","background-media":"","overlay-type":"","overlay-color":"","overlay-opacity":"","overlay-gradient":""},"mobile":{"background-color":"","background-image":"","background-repeat":"repeat","background-position":"center center","background-size":"auto","background-attachment":"scroll","background-type":"","background-media":"","overlay-type":"","overlay-color":"","overlay-opacity":"","overlay-gradient":""}},"ast-content-background-meta":{"desktop":{"background-color":"var(--ast-global-color-4)","background-image":"","background-repeat":"repeat","background-position":"center center","background-size":"auto","background-attachment":"scroll","background-type":"","background-media":"","overlay-type":"","overlay-color":"","overlay-opacity":"","overlay-gradient":""},"tablet":{"background-color":"var(--ast-global-color-4)","background-image":"","background-repeat":"repeat","background-position":"center center","background-size":"auto","background-attachment":"scroll","background-type":"","background-media":"","overlay-type":"","overlay-color":"","overlay-opacity":"","overlay-gradient":""},"mobile":{"background-color":"var(--ast-global-color-4)","background-image":"","background-repeat":"repeat","background-position":"center center","background-size":"auto","background-attachment":"scroll","background-type":"","background-media":"","overlay-type":"","overlay-color":"","overlay-opacity":"","overlay-gradient":""}},"footnotes":""},"class_list":["post-8241","page","type-page","status-publish","hentry"],"_links":{"self":[{"href":"https:\/\/ricardozamora.com\/es\/wp-json\/wp\/v2\/pages\/8241","targetHints":{"allow":["GET"]}}],"collection":[{"href":"https:\/\/ricardozamora.com\/es\/wp-json\/wp\/v2\/pages"}],"about":[{"href":"https:\/\/ricardozamora.com\/es\/wp-json\/wp\/v2\/types\/page"}],"author":[{"embeddable":true,"href":"https:\/\/ricardozamora.com\/es\/wp-json\/wp\/v2\/users\/1"}],"replies":[{"embeddable":true,"href":"https:\/\/ricardozamora.com\/es\/wp-json\/wp\/v2\/comments?post=8241"}],"version-history":[{"count":0,"href":"https:\/\/ricardozamora.com\/es\/wp-json\/wp\/v2\/pages\/8241\/revisions"}],"wp:attachment":[{"href":"https:\/\/ricardozamora.com\/es\/wp-json\/wp\/v2\/media?parent=8241"}],"curies":[{"name":"wp","href":"https:\/\/api.w.org\/{rel}","templated":true}]}}