{"id":10489,"date":"2026-03-26T16:28:29","date_gmt":"2026-03-26T15:28:29","guid":{"rendered":"https:\/\/ricardozamora.com\/newsletter\/"},"modified":"2026-04-01T11:15:37","modified_gmt":"2026-04-01T09:15:37","slug":"boletin","status":"publish","type":"page","link":"https:\/\/ricardozamora.com\/es\/boletin\/","title":{"rendered":"Bolet\u00edn"},"content":{"rendered":"<h2 style=\"text-align: center; font-size: 50px !important;\">Gracias por suscribirte<\/h2>\n<p style=\"text-align: center;\">Ser\u00e1 un placer compartir noticias e informaci\u00f3n para explorar el modelo Cooplexity\u00ae con mayor profundidad.<\/p>\n<p><imgsrc=\"https:\/\/ricardozamora.com\/wp-includes\/images\/spinner.gif\" alt=\"loader\">                                                                    <\/p>\n<p><strong>Bienvenido a nuestro bolet\u00edn de noticias.<\/strong><\/p>\n<\/p>\n<\/p>\n<\/p>\n<p style=\"display:none\">\n<\/p>\n<p>Al enviar este formulario, aceptas ser incluido en una lista de distribuci\u00f3n para mantenerte informado sobre el modelo Cooplexity\u00ae.<\/p>\n<p><strong>Ocasionalmente <\/strong>enviamos algunos correos electr\u00f3nicos breves.<\/p>\n<p>Tu direcci\u00f3n de correo electr\u00f3nico se utiliza \u00fanicamente para este fin, y siempre puedes darte de baja mediante el enlace que incluimos en todas nuestras comunicaciones.<\/p>\n<p><strong>No compartimos <\/strong>tu correo electr\u00f3nico ni la informaci\u00f3n descargada con terceros.<\/p>\n<p style=\"text-align: center; font-size: 22px !important;\">\u00bfNecesitas ayuda para implementar el modelo en tu organizaci\u00f3n?<\/p>\n","protected":false},"excerpt":{"rendered":"<p>Gracias por suscribirte Ser\u00e1 un placer compartir noticias e informaci\u00f3n para explorar el modelo Cooplexity\u00ae con mayor profundidad. Bienvenido a [&hellip;]<\/p>\n","protected":false},"author":1,"featured_media":0,"parent":0,"menu_order":0,"comment_status":"closed","ping_status":"closed","template":"","meta":{"site-sidebar-layout":"default","site-content-layout":"","ast-site-content-layout":"default","site-content-style":"default","site-sidebar-style":"default","ast-global-header-display":"","ast-banner-title-visibility":"","ast-main-header-display":"","ast-hfb-above-header-display":"","ast-hfb-below-header-display":"","ast-hfb-mobile-header-display":"","site-post-title":"","ast-breadcrumbs-content":"","ast-featured-img":"","footer-sml-layout":"","ast-disable-related-posts":"","theme-transparent-header-meta":"default","adv-header-id-meta":"","stick-header-meta":"","header-above-stick-meta":"","header-main-stick-meta":"","header-below-stick-meta":"","astra-migrate-meta-layouts":"set","ast-page-background-enabled":"default","ast-page-background-meta":{"desktop":{"background-color":"var(--ast-global-color-5)","background-image":"","background-repeat":"repeat","background-position":"center center","background-size":"auto","background-attachment":"scroll","background-type":"","background-media":"","overlay-type":"","overlay-color":"","overlay-opacity":"","overlay-gradient":""},"tablet":{"background-color":"","background-image":"","background-repeat":"repeat","background-position":"center center","background-size":"auto","background-attachment":"scroll","background-type":"","background-media":"","overlay-type":"","overlay-color":"","overlay-opacity":"","overlay-gradient":""},"mobile":{"background-color":"","background-image":"","background-repeat":"repeat","background-position":"center center","background-size":"auto","background-attachment":"scroll","background-type":"","background-media":"","overlay-type":"","overlay-color":"","overlay-opacity":"","overlay-gradient":""}},"ast-content-background-meta":{"desktop":{"background-color":"var(--ast-global-color-4)","background-image":"","background-repeat":"repeat","background-position":"center center","background-size":"auto","background-attachment":"scroll","background-type":"","background-media":"","overlay-type":"","overlay-color":"","overlay-opacity":"","overlay-gradient":""},"tablet":{"background-color":"var(--ast-global-color-4)","background-image":"","background-repeat":"repeat","background-position":"center center","background-size":"auto","background-attachment":"scroll","background-type":"","background-media":"","overlay-type":"","overlay-color":"","overlay-opacity":"","overlay-gradient":""},"mobile":{"background-color":"var(--ast-global-color-4)","background-image":"","background-repeat":"repeat","background-position":"center center","background-size":"auto","background-attachment":"scroll","background-type":"","background-media":"","overlay-type":"","overlay-color":"","overlay-opacity":"","overlay-gradient":""}},"footnotes":""},"class_list":["post-10489","page","type-page","status-publish","hentry"],"_links":{"self":[{"href":"https:\/\/ricardozamora.com\/es\/wp-json\/wp\/v2\/pages\/10489","targetHints":{"allow":["GET"]}}],"collection":[{"href":"https:\/\/ricardozamora.com\/es\/wp-json\/wp\/v2\/pages"}],"about":[{"href":"https:\/\/ricardozamora.com\/es\/wp-json\/wp\/v2\/types\/page"}],"author":[{"embeddable":true,"href":"https:\/\/ricardozamora.com\/es\/wp-json\/wp\/v2\/users\/1"}],"replies":[{"embeddable":true,"href":"https:\/\/ricardozamora.com\/es\/wp-json\/wp\/v2\/comments?post=10489"}],"version-history":[{"count":0,"href":"https:\/\/ricardozamora.com\/es\/wp-json\/wp\/v2\/pages\/10489\/revisions"}],"wp:attachment":[{"href":"https:\/\/ricardozamora.com\/es\/wp-json\/wp\/v2\/media?parent=10489"}],"curies":[{"name":"wp","href":"https:\/\/api.w.org\/{rel}","templated":true}]}}