{"id":10486,"date":"2026-03-25T19:54:02","date_gmt":"2026-03-25T18:54:02","guid":{"rendered":"https:\/\/ricardozamora.com\/thank-you-download\/"},"modified":"2026-03-31T18:45:12","modified_gmt":"2026-03-31T16:45:12","slug":"gracias-descarga","status":"publish","type":"page","link":"https:\/\/ricardozamora.com\/es\/gracias-descarga\/","title":{"rendered":"Gracias por tu descarga"},"content":{"rendered":"<h2 style=\"text-align: center;\">\u00a1Gracias por \u200btu inter\u00e9s!<\/h2>\n<p style=\"text-align: center;\">Es un placer poner a tu disposici\u00f3n estos recursos, que te permitir\u00e1n explorar el modelo Cooplexity\u00ae con mayor profundidad.<\/p>\n<p style=\"text-align: center;\">Tu descarga est\u00e1 lista. Haz clic en el bot\u00f3n de abajo para obtener tu recurso.<\/p>\n<p style=\"text-align: center;\">\u00bfQuieres mantenerte al d\u00eda sobre el desarrollo de la confianza y el liderazgo distribuido?<\/p>\n<p style=\"text-align: center;\">\u00bfNecesita ayuda para implementar el modelo en tu organizaci\u00f3n?<\/p>\n","protected":false},"excerpt":{"rendered":"<p>\u00a1Gracias por \u200btu inter\u00e9s! Es un placer poner a tu disposici\u00f3n estos recursos, que te permitir\u00e1n explorar el modelo Cooplexity\u00ae [&hellip;]<\/p>\n","protected":false},"author":1,"featured_media":0,"parent":0,"menu_order":0,"comment_status":"closed","ping_status":"closed","template":"","meta":{"site-sidebar-layout":"default","site-content-layout":"","ast-site-content-layout":"default","site-content-style":"default","site-sidebar-style":"default","ast-global-header-display":"","ast-banner-title-visibility":"","ast-main-header-display":"","ast-hfb-above-header-display":"","ast-hfb-below-header-display":"","ast-hfb-mobile-header-display":"","site-post-title":"","ast-breadcrumbs-content":"","ast-featured-img":"","footer-sml-layout":"","ast-disable-related-posts":"","theme-transparent-header-meta":"default","adv-header-id-meta":"","stick-header-meta":"","header-above-stick-meta":"","header-main-stick-meta":"","header-below-stick-meta":"","astra-migrate-meta-layouts":"set","ast-page-background-enabled":"default","ast-page-background-meta":{"desktop":{"background-color":"var(--ast-global-color-5)","background-image":"","background-repeat":"repeat","background-position":"center center","background-size":"auto","background-attachment":"scroll","background-type":"","background-media":"","overlay-type":"","overlay-color":"","overlay-opacity":"","overlay-gradient":""},"tablet":{"background-color":"","background-image":"","background-repeat":"repeat","background-position":"center center","background-size":"auto","background-attachment":"scroll","background-type":"","background-media":"","overlay-type":"","overlay-color":"","overlay-opacity":"","overlay-gradient":""},"mobile":{"background-color":"","background-image":"","background-repeat":"repeat","background-position":"center center","background-size":"auto","background-attachment":"scroll","background-type":"","background-media":"","overlay-type":"","overlay-color":"","overlay-opacity":"","overlay-gradient":""}},"ast-content-background-meta":{"desktop":{"background-color":"var(--ast-global-color-4)","background-image":"","background-repeat":"repeat","background-position":"center center","background-size":"auto","background-attachment":"scroll","background-type":"","background-media":"","overlay-type":"","overlay-color":"","overlay-opacity":"","overlay-gradient":""},"tablet":{"background-color":"var(--ast-global-color-4)","background-image":"","background-repeat":"repeat","background-position":"center center","background-size":"auto","background-attachment":"scroll","background-type":"","background-media":"","overlay-type":"","overlay-color":"","overlay-opacity":"","overlay-gradient":""},"mobile":{"background-color":"var(--ast-global-color-4)","background-image":"","background-repeat":"repeat","background-position":"center center","background-size":"auto","background-attachment":"scroll","background-type":"","background-media":"","overlay-type":"","overlay-color":"","overlay-opacity":"","overlay-gradient":""}},"footnotes":""},"class_list":["post-10486","page","type-page","status-publish","hentry"],"_links":{"self":[{"href":"https:\/\/ricardozamora.com\/es\/wp-json\/wp\/v2\/pages\/10486","targetHints":{"allow":["GET"]}}],"collection":[{"href":"https:\/\/ricardozamora.com\/es\/wp-json\/wp\/v2\/pages"}],"about":[{"href":"https:\/\/ricardozamora.com\/es\/wp-json\/wp\/v2\/types\/page"}],"author":[{"embeddable":true,"href":"https:\/\/ricardozamora.com\/es\/wp-json\/wp\/v2\/users\/1"}],"replies":[{"embeddable":true,"href":"https:\/\/ricardozamora.com\/es\/wp-json\/wp\/v2\/comments?post=10486"}],"version-history":[{"count":0,"href":"https:\/\/ricardozamora.com\/es\/wp-json\/wp\/v2\/pages\/10486\/revisions"}],"wp:attachment":[{"href":"https:\/\/ricardozamora.com\/es\/wp-json\/wp\/v2\/media?parent=10486"}],"curies":[{"name":"wp","href":"https:\/\/api.w.org\/{rel}","templated":true}]}}